{"id":577,"date":"2021-08-26T06:35:07","date_gmt":"2021-08-26T06:35:07","guid":{"rendered":"http:\/\/35.204.177.156\/?page_id=577"},"modified":"2023-09-04T09:22:24","modified_gmt":"2023-09-04T09:22:24","slug":"wyprobuj-za-darmo","status":"publish","type":"page","link":"https:\/\/aptdefend.com\/pl\/wyprobuj-za-darmo\/","title":{"rendered":"Wypr\u00f3buj za darmo"},"content":{"rendered":"<p>[vc_row row_height_percent=&#8221;50&#8243; override_padding=&#8221;yes&#8221; h_padding=&#8221;2&#8243; top_padding=&#8221;5&#8243; bottom_padding=&#8221;5&#8243; back_color=&#8221;color-133804&#8243; overlay_alpha=&#8221;50&#8243; gutter_size=&#8221;3&#8243; column_width_use_pixel=&#8221;yes&#8221; shift_y=&#8221;0&#8243; z_index=&#8221;0&#8243; column_width_pixel=&#8221;800&#8243;][vc_column column_width_percent=&#8221;100&#8243; align_horizontal=&#8221;align_center&#8221; gutter_size=&#8221;3&#8243; overlay_alpha=&#8221;50&#8243; shift_x=&#8221;0&#8243; shift_y=&#8221;0&#8243; shift_y_down=&#8221;0&#8243; z_index=&#8221;0&#8243; medium_width=&#8221;0&#8243; mobile_width=&#8221;0&#8243; width=&#8221;1\/1&#8243;][vc_row_inner][vc_column_inner column_width_use_pixel=&#8221;yes&#8221; align_horizontal=&#8221;align_center&#8221; gutter_size=&#8221;2&#8243; style=&#8221;dark&#8221; overlay_alpha=&#8221;50&#8243; shift_x=&#8221;0&#8243; shift_y=&#8221;0&#8243; shift_y_down=&#8221;0&#8243; z_index=&#8221;0&#8243; medium_width=&#8221;0&#8243; mobile_width=&#8221;0&#8243; width=&#8221;1\/1&#8243; column_width_pixel=&#8221;600&#8243;][vc_custom_heading heading_semantic=&#8221;h3&#8243; text_size=&#8221;h1&#8243;]Wypr\u00f3buj APT Defend za darmo[\/vc_custom_heading][vc_column_text text_lead=&#8221;yes&#8221;]APT Defend to nowoczesne narz\u0119dzie edukacyjno-treningowe, kt\u00f3re symuluje realne techniki hakerskie, nara\u017caj\u0105ce bezpiecze\u0144stwo Twoje i Twoich wsp\u00f3\u0142pracownik\u00f3w. APT Defend wynosi bezpiecze\u0144stwo Twojej firmy i \u015bwiadomo\u015b\u0107 cyberzagro\u017ce\u0144 Twoich wsp\u00f3\u0142pracownik\u00f3w na nowy poziom. Wykorzystujemy r\u00f3\u017cne scenariusze atak\u00f3w, zar\u00f3wno z wykorzystaniem komunikacji e-mail czy sms, jak i fizycznych no\u015bnik\u00f3w danych typu pendrive.[\/vc_column_text][\/vc_column_inner][\/vc_row_inner][vc_row_inner][vc_column_inner column_width_use_pixel=&#8221;yes&#8221; align_horizontal=&#8221;align_center&#8221; gutter_size=&#8221;3&#8243; overlay_alpha=&#8221;50&#8243; shift_x=&#8221;0&#8243; shift_y=&#8221;0&#8243; shift_y_down=&#8221;0&#8243; z_index=&#8221;0&#8243; medium_width=&#8221;0&#8243; mobile_width=&#8221;0&#8243; width=&#8221;1\/1&#8243; column_width_pixel=&#8221;900&#8243;]<div role=\"form\" class=\"wpcf7\" id=\"wpcf7-f581-o1\" lang=\"pl-PL\" dir=\"ltr\">\n<div class=\"screen-reader-response\"><p role=\"status\" aria-live=\"polite\" aria-atomic=\"true\"><\/p> <ul><\/ul><\/div>\n<form action=\"\/pl\/wp-json\/wp\/v2\/pages\/577#wpcf7-f581-o1\" method=\"post\" class=\"wpcf7-form init\" novalidate=\"novalidate\" data-status=\"init\">\n<div style=\"display: none;\">\n<input type=\"hidden\" name=\"_wpcf7\" value=\"581\" \/>\n<input type=\"hidden\" name=\"_wpcf7_version\" value=\"5.4\" \/>\n<input type=\"hidden\" name=\"_wpcf7_locale\" value=\"pl_PL\" \/>\n<input type=\"hidden\" name=\"_wpcf7_unit_tag\" value=\"wpcf7-f581-o1\" \/>\n<input type=\"hidden\" name=\"_wpcf7_container_post\" value=\"0\" \/>\n<input type=\"hidden\" name=\"_wpcf7_posted_data_hash\" value=\"\" \/>\n<input type=\"hidden\" name=\"_wpcf7_recaptcha_response\" value=\"\" \/>\n<\/div>\n<div class=\"wpcf7-inline-wrapper\">\n<p class=\"wpcf7-inline-field\"><span class=\"wpcf7-form-control-wrap imie\"><input type=\"text\" name=\"imie\" value=\"\" size=\"40\" class=\"wpcf7-form-control wpcf7-text wpcf7-validates-as-required\" aria-required=\"true\" aria-invalid=\"false\" placeholder=\"Imi\u0119 i Nazwisko *\" \/><\/span><\/p>\n<p class=\"wpcf7-inline-field\"><span class=\"wpcf7-form-control-wrap stanowisko\"><input type=\"text\" name=\"stanowisko\" value=\"\" size=\"40\" class=\"wpcf7-form-control wpcf7-text wpcf7-validates-as-required\" aria-required=\"true\" aria-invalid=\"false\" placeholder=\"Stanowisko *\" \/><\/span><\/p>\n<\/div>\n<div class=\"wpcf7-inline-wrapper\">\n<p class=\"wpcf7-inline-field\"><span class=\"wpcf7-form-control-wrap company\"><input type=\"text\" name=\"company\" value=\"\" size=\"40\" class=\"wpcf7-form-control wpcf7-text wpcf7-validates-as-required\" aria-required=\"true\" aria-invalid=\"false\" placeholder=\"Samorz\u0105d \/ Firma *\" \/><\/span> <\/p>\n<p class=\"wpcf7-inline-field\"><span class=\"wpcf7-form-control-wrap email\"><input type=\"email\" name=\"email\" value=\"\" size=\"40\" class=\"wpcf7-form-control wpcf7-text wpcf7-email wpcf7-validates-as-required wpcf7-validates-as-email\" aria-required=\"true\" aria-invalid=\"false\" placeholder=\"E-mail *\" \/><\/span><\/p>\n<\/div>\n<div class=\"wpcf7-inline-wrapper\">\n<p class=\"wpcf7-inline-field\"><span class=\"wpcf7-form-control-wrap phone\"><input type=\"tel\" name=\"phone\" value=\"\" size=\"40\" class=\"wpcf7-form-control wpcf7-text wpcf7-tel wpcf7-validates-as-required wpcf7-validates-as-tel\" aria-required=\"true\" aria-invalid=\"false\" placeholder=\"Telefon *\" \/><\/span> <\/p>\n<p class=\"wpcf7-inline-field\">\n<\/div>\n<p><span class=\"wpcf7-form-control-wrap bLeadAgreement\"><span class=\"wpcf7-form-control wpcf7-acceptance\"><span class=\"wpcf7-list-item\"><label><input type=\"checkbox\" name=\"bLeadAgreement\" value=\"1\" aria-invalid=\"false\" \/><span class=\"wpcf7-list-item-label\">Wyra\u017cam zgod\u0119 na przetwarzanie moich danych osobowych (adresu e-mail, numeru telefonu, nazwy stanowiska i nazwy firmy, do kt\u00f3rej reprezentowania jestem uprawniony) zawartych w zg\u0142oszeniu, w zwi\u0105zku z art. 6 ust. 1 lit. a) rozporz\u0105dzenia Parlamentu Europejskiego i Rady (UE) 2016\/679 z dnia 27 kwietnia 2016 r. w sprawie ochrony os\u00f3b fizycznych w zwi\u0105zku z przetwarzaniem danych osobowych i w sprawie swobodnego przep\u0142ywu takich danych oraz uchylenia dyrektywy 95\/46\/WE (RODO) przez APT Defend Sp. z o.o. w celu przedstawienia oferty lub om\u00f3wienia przedstawionej oferty za po\u015brednictwem \u015brodk\u00f3w komunikacji elektronicznej lub telefonicznej. W ka\u017cdym momencie przys\u0142uguje mi prawo do wycofania zgody.<\/span><\/label><\/span><\/span><\/span><br \/>\n<br><br \/>\n<input type=\"submit\" value=\"Wy\u015blij\" class=\"wpcf7-form-control wpcf7-submit btn btn-accent btn-flat btn-shadow-sm\" \/><\/p>\n<input type='hidden' class='wpcf7-pum' value='{\"closepopup\":false,\"closedelay\":0,\"openpopup\":false,\"openpopup_id\":0}' \/><div class=\"wpcf7-response-output\" aria-hidden=\"true\"><\/div><\/form><\/div>[vc_empty_space empty_h=&#8221;2&#8243;][vc_column_text text_lead=&#8221;small&#8221;]Administratorem danych osobowych zawartych w zg\u0142oszeniu jest APT Defend Sp. z o.o. z siedzib\u0105 w Warszawie przy ul. Pu\u0142awskiej 12\/3. Dane osobowe s\u0105 przetwarzane w celu dostarczenia newslettera, na podstawie art. 6 ust. 1 lit. a) rozporz\u0105dzenia Parlamentu Europejskiego i Rady (UE) 2016\/679 (RODO) i nie s\u0105 przekazywane innym odbiorcom, organizacji mi\u0119dzynarodowej czy do pa\u0144stw trzecich. Dane osobowe przechowywane s\u0105 przez okres prenumeraty. Wnioskodawca ma prawo do dost\u0119pu do swoich danych osobowych, ich sprostowania oraz wniesienia skargi do Prezesa Urz\u0119du Ochrony Danych Osobowych. Podanie danych osobowych jest dobrowolne, nie wynika z przepis\u00f3w, ich niepodanie b\u0119dzie skutkowa\u0142o brakiem mo\u017cliwo\u015bci zam\u00f3wienia. Na podstawie danych osobowych nie s\u0105 podejmowane zautomatyzowane decyzje, w tym nie stosuje si\u0119 profilowania.[\/vc_column_text][\/vc_column_inner][\/vc_row_inner][\/vc_column][\/vc_row]<\/p>\n","protected":false},"excerpt":{"rendered":"<p>[vc_row row_height_percent=&#8221;50&#8243; override_padding=&#8221;yes&#8221; h_padding=&#8221;2&#8243; top_padding=&#8221;5&#8243; bottom_padding=&#8221;5&#8243; back_color=&#8221;color-133804&#8243; overlay_alpha=&#8221;50&#8243; gutter_size=&#8221;3&#8243; column_width_use_pixel=&#8221;yes&#8221; shift_y=&#8221;0&#8243; z_index=&#8221;0&#8243; column_width_pixel=&#8221;800&#8243;][vc_column column_width_percent=&#8221;100&#8243; align_horizontal=&#8221;align_center&#8221; gutter_size=&#8221;3&#8243; overlay_alpha=&#8221;50&#8243; shift_x=&#8221;0&#8243; shift_y=&#8221;0&#8243; shift_y_down=&#8221;0&#8243; [&hellip;]<\/p>\n","protected":false},"author":2,"featured_media":0,"parent":0,"menu_order":0,"comment_status":"closed","ping_status":"closed","template":"","meta":[],"_links":{"self":[{"href":"https:\/\/aptdefend.com\/pl\/wp-json\/wp\/v2\/pages\/577"}],"collection":[{"href":"https:\/\/aptdefend.com\/pl\/wp-json\/wp\/v2\/pages"}],"about":[{"href":"https:\/\/aptdefend.com\/pl\/wp-json\/wp\/v2\/types\/page"}],"author":[{"embeddable":true,"href":"https:\/\/aptdefend.com\/pl\/wp-json\/wp\/v2\/users\/2"}],"replies":[{"embeddable":true,"href":"https:\/\/aptdefend.com\/pl\/wp-json\/wp\/v2\/comments?post=577"}],"version-history":[{"count":5,"href":"https:\/\/aptdefend.com\/pl\/wp-json\/wp\/v2\/pages\/577\/revisions"}],"predecessor-version":[{"id":729,"href":"https:\/\/aptdefend.com\/pl\/wp-json\/wp\/v2\/pages\/577\/revisions\/729"}],"wp:attachment":[{"href":"https:\/\/aptdefend.com\/pl\/wp-json\/wp\/v2\/media?parent=577"}],"curies":[{"name":"wp","href":"https:\/\/api.w.org\/{rel}","templated":true}]}}