{"id":639,"date":"2021-08-27T19:59:55","date_gmt":"2021-08-27T19:59:55","guid":{"rendered":"https:\/\/aptdefend.com\/?page_id=639"},"modified":"2021-08-27T19:59:55","modified_gmt":"2021-08-27T19:59:55","slug":"polityka-prywatnosci","status":"publish","type":"page","link":"https:\/\/aptdefend.com\/pl\/polityka-prywatnosci\/","title":{"rendered":"Polityka prywatno\u015bci"},"content":{"rendered":"<p>[vc_row row_height_percent=&#8221;0&#8243; override_padding=&#8221;yes&#8221; h_padding=&#8221;2&#8243; top_padding=&#8221;5&#8243; bottom_padding=&#8221;5&#8243; overlay_alpha=&#8221;50&#8243; gutter_size=&#8221;3&#8243; column_width_percent=&#8221;100&#8243; shift_y=&#8221;0&#8243; z_index=&#8221;0&#8243; shape_dividers=&#8221;&#8221;][vc_column column_width_use_pixel=&#8221;yes&#8221; gutter_size=&#8221;3&#8243; overlay_alpha=&#8221;50&#8243; shift_x=&#8221;0&#8243; shift_y=&#8221;0&#8243; shift_y_down=&#8221;0&#8243; z_index=&#8221;0&#8243; medium_width=&#8221;0&#8243; mobile_width=&#8221;0&#8243; width=&#8221;1\/1&#8243; column_width_pixel=&#8221;1000&#8243;][vc_custom_heading heading_semantic=&#8221;h3&#8243; text_size=&#8221;fontsize-485774&#8243;]Polityka prywatno\u015bci[\/vc_custom_heading][vc_column_text text_lead=&#8221;yes&#8221;]<\/p>\n<h4>Dane Osobowe i ich zabezpieczenie<\/h4>\n<p>Przywi\u0105zujemy szczeg\u00f3ln\u0105 wag\u0119 do poszanowania prywatno\u015bci danych osobowych, kt\u00f3re przetwarzamy w ramach prowadzonej przez APT Bait Sp. z o.o. dzia\u0142alno\u015bci. Dlatego zabezpieczamy Twoje dane stosuj\u0105c odpowiednie rozwi\u0105zania technologiczne, a transfer danych osobowych wprowadzonych do formularza odbywa si\u0119 przy u\u017cyciu bezpiecznego, szyfruj\u0105cego protoko\u0142u SSL.<\/p>\n<h4>Sposoby wykorzystywania i przetwarzania Twoich danych w ramach prowadzonej przez nas dzia\u0142alno\u015bci<\/h4>\n<p>APT Bait Sp. z o.o. przetwarza Twoje dane zgodnie z przepisami rozporz\u0105dzenia Parlamentu Europejskiego i Rady (UE) 2016\/679 z dnia 27 kwietnia 2016 r. w sprawie ochrony os\u00f3b fizycznych w zwi\u0105zku z przetwarzaniem danych osobowych i w sprawie swobodnego przep\u0142ywu takich danych oraz uchylenia dyrektywy 95\/46\/WE (og\u00f3lne rozporz\u0105dzenie o ochronie danych) \u2013 zwanym dalej Rozporz\u0105dzeniem. Przepisy Rozporz\u0105dzenia b\u0119d\u0105 mia\u0142y zastosowanie do Twoich danych, je\u017celi mieszkasz w jednym z pa\u0144stw cz\u0142onkowskich Unii Europejskiej lub w pa\u0144stwach nale\u017c\u0105cych do Europejskiego Obszaru Gospodarczego \u2013 zwanego dalej EOG (pa\u0144stwa cz\u0142onkowskie Unii Europejskiej oraz Islandia, Norwegia i Lichtenstein).<\/p>\n<h4>Klauzula informacyjna<\/h4>\n<p>Zgodnie z art. 13 oraz art. 14 Rozporz\u0105dzenia informujemy, \u017ce:<\/p>\n<p>Administratorem Twoich danych jest APT Bait Sp. z o.o. z siedzib\u0105 w Warszawie, https:\/\/aptdefend.com\/ (dalej \u201emy\u201d).<\/p>\n<p>B\u0119dziemy przetwarza\u0107 Twoje dane osobowe w nast\u0119puj\u0105cych celach:<\/p>\n<ol>\n<li>w celu przedstawienia oferty, zawarcia i realizacji umowy \u2013 art. 6 ust. 1 lit. b) Rozporz\u0105dzenia tj. aby dokona\u0107 weryfikacji wniosku, a w przypadku pozytywnej decyzji, aby zawrze\u0107 i wykona\u0107 umow\u0119; podanie danych jest dobrowolne jednak\u017ce ich nie wskazanie spowoduje niemo\u017cno\u015b\u0107 zawarcia umowy;<\/li>\n<li>w celu realizacji naszego prawnie uzasadnionego interesu \u2013 art. 6 ust. 1 lit. f) Rozporz\u0105dzenia, tj. w celu dochodzenia roszcze\u0144, w celach wykrywania oszustw, a tak\u017ce w celu prowadzenia marketingu bezpo\u015bredniego produkt\u00f3w w\u0142asnych i podmiot\u00f3w trzecich obejmuj\u0105cego profilowanie;<\/li>\n<li>w celach niezb\u0119dnych do wype\u0142nienia obowi\u0105zku prawnego \u2013 art. 6 ust. 1 lit. c) Rozporz\u0105dzenia np. w celu dokonania rozlicze\u0144 finansowych i podatkowych;<\/li>\n<li>w celach marketingowych po wykonaniu umowy w oparciu o wyra\u017con\u0105 zgod\u0119 \u2013 art. 6 ust. 1 lit. a) Rozporz\u0105dzenia.<\/li>\n<\/ol>\n<p>Zgod\u0119 mo\u017cesz wycofa\u0107 w ka\u017cdej chwili. Wycofanie zgody nie ma wp\u0142ywu na przetwarzanie danych, kt\u00f3re odby\u0142o si\u0119 przed wycofaniem zgody. Aby wycofa\u0107 zgod\u0119, mo\u017cesz przes\u0142a\u0107 informacj\u0119 na adres email hello@aptdefend.com.<\/p>\n<p>Odbiorcami Twoich danych osobowych mog\u0105 by\u0107 podmioty wsp\u00f3\u0142pracuj\u0105ce z nami takie jak firmy instalacyjne, hurtownie sprz\u0119tu, a tak\u017ce podmioty przetwarzaj\u0105ce dane na nasze zlecenie (np. w zakresie wsparcia IT, wsparcia operacyjnego, us\u0142ug marketingowych i analitycznych, w tym badania preferencji).<\/p>\n<p>Twoje dane b\u0119d\u0105 przetwarzane przez okres wykonywania umowy oraz przedawnienia roszcze\u0144 z niej wynikaj\u0105cych. W przypadku udzielenia zgody na prowadzenie marketingu po zako\u0144czeniu wykonywania umowy, dane b\u0119d\u0105 przetwarzane do czasu wycofania tej zgody.<\/p>\n<p>Ponadto, dane osobowe w zakresie us\u0142ug wykonywanych przez wsp\u00f3\u0142pracuj\u0105ce z nami podmioty przetwarzaj\u0105ce (w tym m.in. w zakresie us\u0142ug informatycznych i nowych technologii, komunikacyjnych i analitycznych) mog\u0105 by\u0107 przekazywane do pa\u0144stw trzecich tj. do pa\u0144stw nienale\u017c\u0105cych do Unii Europejskiej oraz Europejskiego Obszaru Gospodarczego, w szczeg\u00f3lno\u015bci do: Stan\u00f3w Zjednoczonych Ameryki, Kanady i Rosji.<\/p>\n<p>Dane mog\u0105 by\u0107 przekazywane:<\/p>\n<ol>\n<li>na podstawie art. 45 ust. 1 i 3 Rozporz\u0105dzenia do pa\u0144stw, co do kt\u00f3rych zosta\u0142a wydana przez Komisj\u0119 Europejsk\u0105 decyzja o odpowiednim stopniu ochrony;<\/li>\n<li>na podstawie art. 46 ust. 2 lit. c) Rozporz\u0105dzenia do pa\u0144stw, co do kt\u00f3rych nie zosta\u0142a wydana decyzja o odpowiednim stopniu ochrony, ale odpowiednie zabezpieczenie zapewnione jest na mocy standardowych klauzul umownych;<\/li>\n<li>na podstawie art. 49 ust. 1 lit. b) Rozporz\u0105dzenia do pa\u0144stw, co do kt\u00f3rych nie zosta\u0142a wydana decyzja o odpowiednim stopniu ochrony.<\/li>\n<\/ol>\n<p>W ka\u017cdej chwili masz mo\u017cliwo\u015b\u0107 za\u017c\u0105dania dalszych informacji o przekazywaniu danych do pa\u0144stw trzecich i otrzymania kopii odpowiednich zabezpiecze\u0144.<\/p>\n<p>Masz prawo dost\u0119pu do swoich danych oraz prawo \u017c\u0105dania ich sprostowania, usuni\u0119cia, lub ograniczenia ich przetwarzania oraz wyra\u017cenia sprzeciwu wobec przetwarzania, w przypadku gdy przetwarzane s\u0105 na podstawie uzasadnionego interesu administratora. Przys\u0142uguje Ci tak\u017ce prawo przenoszenia danych tj. otrzymania danych osobowych, kt\u00f3re Nam przekaza\u0142e\u015b w ustrukturyzowanym, powszechnie u\u017cywanym formacie nadaj\u0105cym si\u0119 do odczytu maszynowego.<\/p>\n<p>Aby skorzysta\u0107 z przys\u0142uguj\u0105cych Ci praw, skontaktuj si\u0119 z nami na adres info@zielonekilowaty.pl.<\/p>\n<p>W przypadku uznania, \u017ce spos\u00f3b przetwarzania przez nas danych osobowych narusza przepisy w\u0142a\u015bciwego dla Ciebie prawa, mo\u017cesz wnie\u015b\u0107 skarg\u0119 do odpowiedniego organu do spraw ochrony danych osobowych.<\/p>\n<p>Kto jest odpowiedzialny za przetwarzanie danych w zwi\u0105zku z korzystaniem ze strony internetowej https:\/\/www.zielonekilowaty.pl\/?<\/p>\n<p>Administratorem tych danych jest APT Defend Sp. z o.o. z siedzib\u0105 w Warszawie, Polska.<\/p>\n<p>W ramach naszej strony internetowej zbieramy nast\u0119puj\u0105ce dane:<\/p>\n<ol>\n<li>w przypadku korzystania z naszej strony internetowej zbieramy takie dane jak: adres IP, adres URL, informacje dotycz\u0105ce odwiedzin, zachowa\u0144 i klikni\u0119\u0107, otwieranych plik\u00f3w, daty i godziny wej\u015bcia na stron\u0119, Twojego systemu operacyjnego, u\u017cywanej przez Ciebie przegl\u0105darki, nazwy dostawcy us\u0142ug internetowych;<\/li>\n<li>w przypadku z\u0142o\u017cenia wniosku za po\u015brednictwem formularza zbieramy Twoje: imi\u0119 i nazwisko, dane kontaktowe, w tym adres e-mail i numer telefonu;<\/li>\n<li>w przypadku, gdy kontaktujesz si\u0119 z nami poprzez media spo\u0142eczno\u015bciowe zbieramy w szczeg\u00f3lno\u015bci takie dane jak: Twoje imi\u0119 i nazwisko, dane kontaktowe, w tym adres e-mail i numer telefonu, a tak\u017ce inne dokumenty i dane osobowe udost\u0119pniane przez Ciebie za po\u015brednictwem medi\u00f3w spo\u0142eczno\u015bciowych.<\/li>\n<\/ol>\n<p>Zbieramy Twoje dane w nast\u0119puj\u0105cy spos\u00f3b:<\/p>\n<ol>\n<li>u\u017cywaj\u0105c plik\u00f3w Cookies lub narz\u0119dzi analitycznych, w szczeg\u00f3lno\u015bci takich jak Hotjar, Google Analytics, Facebook;<\/li>\n<li>z formularza zamieszczonego na naszej stronie internetowej;<\/li>\n<li>z komunikator\u00f3w dost\u0119pnych na portalach spo\u0142eczno\u015bciowych.<\/li>\n<\/ol>\n<p>W jakim celu u\u017cywamy Twoich danych?<\/p>\n<ol>\n<li>do realizacji \u0142\u0105cz\u0105cej Nas umowy lub w celach zawarcia umowy;<\/li>\n<li>do obs\u0142ugi Twojego wniosku lub zapytania;<\/li>\n<li>do prowadzenia kampanii marketingowych uwzgl\u0119dniaj\u0105cych profilowanie, tj. do przesy\u0142ania Ci ofert o produktach i us\u0142ugach;<\/li>\n<li>do cel\u00f3w analitycznych, aby poprawi\u0107 jako\u015b\u0107 strony internetowej;<\/li>\n<li>do cel\u00f3w rozwoju, funkcjonalno\u015bci strony internetowej.<\/li>\n<\/ol>\n<p>Twoje dane mog\u0105 by\u0107 te\u017c przetwarzane w naszym imieniu przez podmioty wsp\u00f3\u0142pracuj\u0105ce z nami, w nast\u0119puj\u0105cych celach:<\/p>\n<ol>\n<li>realizacji naszej us\u0142ugi i mo\u017cliwo\u015bci kontaktu z Tob\u0105;<\/li>\n<li>analiz rynkowych i zbierania opinii;<\/li>\n<li>marketingowych uwzgl\u0119dniaj\u0105cych profilowanie.<\/li>\n<\/ol>\n<p>[\/vc_column_text][\/vc_column][\/vc_row]<\/p>\n","protected":false},"excerpt":{"rendered":"<p>[vc_row row_height_percent=&#8221;0&#8243; override_padding=&#8221;yes&#8221; h_padding=&#8221;2&#8243; top_padding=&#8221;5&#8243; bottom_padding=&#8221;5&#8243; overlay_alpha=&#8221;50&#8243; gutter_size=&#8221;3&#8243; column_width_percent=&#8221;100&#8243; shift_y=&#8221;0&#8243; z_index=&#8221;0&#8243; shape_dividers=&#8221;&#8221;][vc_column column_width_use_pixel=&#8221;yes&#8221; gutter_size=&#8221;3&#8243; overlay_alpha=&#8221;50&#8243; shift_x=&#8221;0&#8243; shift_y=&#8221;0&#8243; shift_y_down=&#8221;0&#8243; z_index=&#8221;0&#8243; medium_width=&#8221;0&#8243; [&hellip;]<\/p>\n","protected":false},"author":2,"featured_media":0,"parent":0,"menu_order":0,"comment_status":"closed","ping_status":"closed","template":"","meta":[],"_links":{"self":[{"href":"https:\/\/aptdefend.com\/pl\/wp-json\/wp\/v2\/pages\/639"}],"collection":[{"href":"https:\/\/aptdefend.com\/pl\/wp-json\/wp\/v2\/pages"}],"about":[{"href":"https:\/\/aptdefend.com\/pl\/wp-json\/wp\/v2\/types\/page"}],"author":[{"embeddable":true,"href":"https:\/\/aptdefend.com\/pl\/wp-json\/wp\/v2\/users\/2"}],"replies":[{"embeddable":true,"href":"https:\/\/aptdefend.com\/pl\/wp-json\/wp\/v2\/comments?post=639"}],"version-history":[{"count":1,"href":"https:\/\/aptdefend.com\/pl\/wp-json\/wp\/v2\/pages\/639\/revisions"}],"predecessor-version":[{"id":640,"href":"https:\/\/aptdefend.com\/pl\/wp-json\/wp\/v2\/pages\/639\/revisions\/640"}],"wp:attachment":[{"href":"https:\/\/aptdefend.com\/pl\/wp-json\/wp\/v2\/media?parent=639"}],"curies":[{"name":"wp","href":"https:\/\/api.w.org\/{rel}","templated":true}]}}