{"id":649,"date":"2021-09-05T07:34:38","date_gmt":"2021-09-05T07:34:38","guid":{"rendered":"https:\/\/aptdefend.com\/?page_id=649"},"modified":"2021-09-05T07:38:59","modified_gmt":"2021-09-05T07:38:59","slug":"polityka-cookies","status":"publish","type":"page","link":"https:\/\/aptdefend.com\/pl\/polityka-cookies\/","title":{"rendered":"Polityka cookies"},"content":{"rendered":"<p>[vc_row row_height_percent=&#8221;0&#8243; override_padding=&#8221;yes&#8221; h_padding=&#8221;2&#8243; top_padding=&#8221;5&#8243; bottom_padding=&#8221;5&#8243; overlay_alpha=&#8221;50&#8243; gutter_size=&#8221;3&#8243; column_width_percent=&#8221;100&#8243; shift_y=&#8221;0&#8243; z_index=&#8221;0&#8243;][vc_column column_width_use_pixel=&#8221;yes&#8221; gutter_size=&#8221;3&#8243; overlay_alpha=&#8221;50&#8243; shift_x=&#8221;0&#8243; shift_y=&#8221;0&#8243; shift_y_down=&#8221;0&#8243; z_index=&#8221;0&#8243; medium_width=&#8221;0&#8243; mobile_width=&#8221;0&#8243; width=&#8221;1\/1&#8243; column_width_pixel=&#8221;1000&#8243;][vc_custom_heading heading_semantic=&#8221;h3&#8243; text_size=&#8221;fontsize-485774&#8243;]Polityka cookies[\/vc_custom_heading][vc_column_text text_lead=&#8221;yes&#8221;]Pliki <em>cookies<\/em>, inaczej zwane <em>ciasteczkami<\/em>, to ma\u0142e pliki tekstowe tworzone i wysy\u0142ane automatycznie przez strony internetowe, kt\u00f3re odwiedzasz. Zawarte w nich informacje s\u0105 zapisywane na urz\u0105dzeniu ko\u0144cowym, z kt\u00f3rego korzystasz. Urz\u0105dzeniem ko\u0144cowym jest np. komputer, tablet czy smartfon. Informacje zawarte w plikach cookies mog\u0105 by\u0107 wykorzystywane jedynie przez stron\u0119 internetow\u0105, z kt\u00f3rej zosta\u0142y wys\u0142ane.<\/p>\n<p>Strona aptdefend.com tak\u017ce wykorzystuje pliki <em>cookies<\/em>. Oznacza to, \u017ce gdy korzystasz z naszej strony internetowej, gromadzimy informacje o Twojej wizycie i sposobie poruszania si\u0119 w serwisie do nast\u0119puj\u0105cych cel\u00f3w:<\/p>\n<ol>\n<li>tworzenia statystyk i analiz. Analityczne pliki <em>cookies<\/em> wykorzystywane s\u0105 w celu oceny statystyk wej\u015b\u0107 do serwisu internetowego, bo dzi\u0119ki nim wiadomo, jakie s\u0105 Twoje zainteresowania i potrzeby, co pozwala nam ulepsza\u0107 nasz\u0105 stron\u0119 internetow\u0105. Wi\u0119cej na temat kodu Google Analytics i plikach cookies Google\u2019a znajdziesz w Zasadach Google Analytics dotycz\u0105cych bezpiecze\u0144stwa i prywatno\u015bci (https:\/\/policies.google.com\/privacy?hl=pl) i kodu Adobe Analytics (wi\u0119cej informacji na stronie http:\/\/www.adobe.com\/privacy.html);<\/li>\n<li>mierzenia skuteczno\u015bci prowadzonych na rzecz naszej firmy dzia\u0142a\u0144 marketingowych;<\/li>\n<li>dopasowanie tre\u015bci reklam do Twoich preferencji, wy\u015bwietlanych zar\u00f3wno na naszych stronach, jak i np. w sieci reklamowej Google (wi\u0119cej informacji o plikach cookies wykorzystywanych w sieci reklamowej Google mo\u017cna znale\u017a\u0107 na stronie: https:\/\/support.google.com\/adwords\/answer\/2407785) oraz na portalu spo\u0142eczno\u015bciowym Facebook (wi\u0119cej informacji o polityce plik\u00f3w <em>cookies<\/em> mo\u017cna znale\u017a\u0107 na stronie: https:\/\/pl-pl.facebook.com\/policies\/cookies\/);<\/li>\n<li>monitorowania i zapisywania zachowa\u0144 u\u017cytkownika na naszej stronie internetowej, w tym celu korzystamy z us\u0142ugi Hotjar. Narz\u0119dzie to zapisuje dane takie jak: przewijanie strony, nawigacja, ruch kursora. Gromadzone s\u0105 dane dotycz\u0105ce lokalizacji, urz\u0105dzenia, systemu operacyjnego, przegl\u0105darki oraz plik\u00f3w cookies. Hotjar nie gromadzi innych danych. Szczeg\u00f3\u0142owe informacje dotycz\u0105ce przetwarzania danych przez Hotjar znajduj\u0105 si\u0119 na stronie internetowej: https:\/\/www.hotjar.com\/privacy. Je\u017celi chcesz zrezygnowa\u0107 z us\u0142ugi Hotjar, kliknij w podany link: https:\/\/www.hotjar.com\/opt-out. Po skorzystaniu z tej funkcji nast\u0105pi usuni\u0119cie plik\u00f3w <em>Cookies<\/em>, je\u017celi powr\u00f3cisz na nasz\u0105 stron\u0119 us\u0142uga monitorowania za po\u015brednictwem Hotjar w\u0142\u0105czy si\u0119 ponownie.<\/li>\n<li>zapami\u0119tywania, czy wyrazi\u0142e\u015b nam zgod\u0119 na wy\u015bwietlanie w przysz\u0142o\u015bci niekt\u00f3rych tre\u015bci;<\/li>\n<li>dostosowania naszej strony internetowej do urz\u0105dze\u0144 i przegl\u0105darek.<\/li>\n<\/ol>\n<p>Wykorzystujemy dwa rodzaje plik\u00f3w <em>cookies<\/em> \u2013 sesyjne oraz sta\u0142e. Pierwsze z nich s\u0105 tymczasowymi plikami <em>cookies<\/em> i pozostaj\u0105 na Twoim urz\u0105dzeniu a\u017c do opuszczenia strony internetowej lub zamkni\u0119cia przegl\u0105darki internetowej. Sta\u0142e pliki <em>cookies<\/em> pozostaj\u0105 na Twoim urz\u0105dzeniu przez okre\u015blony czas lub do momentu, kiedy je manualnie usuniesz (to jak d\u0142ugo dane <em>ciasteczko<\/em> pozostanie na Twoim urz\u0105dzeniu zale\u017cy od \u201eczasu \u017cycia\u201d tego pliku cookie oraz od ustawie\u0144 Twojej przegl\u0105darki internetowej).<\/p>\n<h4>Rezygnacja z akceptowania plik\u00f3w <em>cookies<\/em><\/h4>\n<p>Wi\u0119kszo\u015b\u0107 u\u017cywanych przegl\u0105darek, zar\u00f3wno na komputerach, jak i smartfonach domy\u015blnie akceptuje pliki cookies. W ka\u017cdej chwili mo\u017cesz to zmieni\u0107 w ustawieniach swojej przegl\u0105darki. Zastrzegamy jednak, \u017ce brak mo\u017cliwo\u015bci zapisywania\/odczytywania plik\u00f3w cookies przez nasz\u0105 stron\u0119 mo\u017ce spowodowa\u0107 nieprawid\u0142owe wy\u015bwietlanie si\u0119 serwisu w przegl\u0105darce.<\/p>\n<p>Wykorzystujemy tak\u017ce podobne technologie do plik\u00f3w cookies takie jak web beacons zwane pikselami. Pliki te gromadzone s\u0105 przez Tw\u00f3j komputer lub urz\u0105dzenia mobilne w przypadku wej\u015bcia na stron\u0119 internetow\u0105, za po\u015brednictwem reklamy, wiadomo\u015bci e-mail oraz aplikacji mobilnej. Korzystamy z nich po to by dopasowa\u0107 tre\u015bci do Twoich preferencji oraz skierowa\u0107 odpowiedni\u0105 ofert\u0119 reklamow\u0105.<\/p>\n<p>Korzystamy tak\u017ce z plik\u00f3w cookies tworzonych przez podmioty, z kt\u00f3rymi wsp\u00f3\u0142pracujemy. To pliki <em>cookies<\/em> Google Inc w celach \u015bwiadczenia us\u0142ugi Google Analytics, Google Marketing Platform i Google Ads, Facebook, Adform w celach analizy ruchu i mierzenia skuteczno\u015bci reklam.[\/vc_column_text][\/vc_column][\/vc_row]<\/p>\n","protected":false},"excerpt":{"rendered":"<p>[vc_row row_height_percent=&#8221;0&#8243; override_padding=&#8221;yes&#8221; h_padding=&#8221;2&#8243; top_padding=&#8221;5&#8243; bottom_padding=&#8221;5&#8243; overlay_alpha=&#8221;50&#8243; gutter_size=&#8221;3&#8243; column_width_percent=&#8221;100&#8243; shift_y=&#8221;0&#8243; z_index=&#8221;0&#8243;][vc_column column_width_use_pixel=&#8221;yes&#8221; gutter_size=&#8221;3&#8243; overlay_alpha=&#8221;50&#8243; shift_x=&#8221;0&#8243; shift_y=&#8221;0&#8243; shift_y_down=&#8221;0&#8243; z_index=&#8221;0&#8243; medium_width=&#8221;0&#8243; mobile_width=&#8221;0&#8243; [&hellip;]<\/p>\n","protected":false},"author":2,"featured_media":0,"parent":0,"menu_order":0,"comment_status":"closed","ping_status":"closed","template":"","meta":[],"_links":{"self":[{"href":"https:\/\/aptdefend.com\/pl\/wp-json\/wp\/v2\/pages\/649"}],"collection":[{"href":"https:\/\/aptdefend.com\/pl\/wp-json\/wp\/v2\/pages"}],"about":[{"href":"https:\/\/aptdefend.com\/pl\/wp-json\/wp\/v2\/types\/page"}],"author":[{"embeddable":true,"href":"https:\/\/aptdefend.com\/pl\/wp-json\/wp\/v2\/users\/2"}],"replies":[{"embeddable":true,"href":"https:\/\/aptdefend.com\/pl\/wp-json\/wp\/v2\/comments?post=649"}],"version-history":[{"count":2,"href":"https:\/\/aptdefend.com\/pl\/wp-json\/wp\/v2\/pages\/649\/revisions"}],"predecessor-version":[{"id":654,"href":"https:\/\/aptdefend.com\/pl\/wp-json\/wp\/v2\/pages\/649\/revisions\/654"}],"wp:attachment":[{"href":"https:\/\/aptdefend.com\/pl\/wp-json\/wp\/v2\/media?parent=649"}],"curies":[{"name":"wp","href":"https:\/\/api.w.org\/{rel}","templated":true}]}}