{"id":651,"date":"2021-09-05T07:36:07","date_gmt":"2021-09-05T07:36:07","guid":{"rendered":"https:\/\/aptdefend.com\/?page_id=651"},"modified":"2021-09-05T07:36:07","modified_gmt":"2021-09-05T07:36:07","slug":"polityka-bezpieczenstwa","status":"publish","type":"page","link":"https:\/\/aptdefend.com\/pl\/polityka-bezpieczenstwa\/","title":{"rendered":"Polityka bezpieczenstwa"},"content":{"rendered":"<p>[vc_row row_height_percent=&#8221;0&#8243; override_padding=&#8221;yes&#8221; h_padding=&#8221;2&#8243; top_padding=&#8221;5&#8243; bottom_padding=&#8221;5&#8243; overlay_alpha=&#8221;50&#8243; gutter_size=&#8221;3&#8243; column_width_percent=&#8221;100&#8243; shift_y=&#8221;0&#8243; z_index=&#8221;0&#8243;][vc_column column_width_use_pixel=&#8221;yes&#8221; gutter_size=&#8221;3&#8243; overlay_alpha=&#8221;50&#8243; shift_x=&#8221;0&#8243; shift_y=&#8221;0&#8243; shift_y_down=&#8221;0&#8243; z_index=&#8221;0&#8243; medium_width=&#8221;0&#8243; mobile_width=&#8221;0&#8243; width=&#8221;1\/1&#8243; column_width_pixel=&#8221;1000&#8243;][vc_custom_heading heading_semantic=&#8221;h3&#8243; text_size=&#8221;fontsize-485774&#8243;]Polityka bezpiecze\u0144stwa[\/vc_custom_heading][vc_column_text text_lead=&#8221;yes&#8221;]Ka\u017cdy u\u017cytkownik powinien przestrzega\u0107 og\u00f3lnych zasad bezpiecznego korzystania z Internetu:<\/p>\n<ol>\n<li>Na swoim urz\u0105dzeniu ko\u0144cowym (np. komputer, tablet, smartfon) powiniene\u015b mie\u0107 zainstalowane i uruchomione aktualne oprogramowanie antywirusowe oraz firewalla;<\/li>\n<li>Oprogramowanie, z kt\u00f3rego korzystasz powinno pochodzi\u0107 z legalnych \u017ar\u00f3de\u0142;<\/li>\n<li>Unikaj korzystania z niezabezpieczonych sieci wi-fi, a w szczeg\u00f3lno\u015bci korzystaj\u0105c z takich sieci nigdy nie loguj si\u0119 do serwis\u00f3w internetowych, w kt\u00f3rych podajesz swoje dane lub informacje poufne;<\/li>\n<li>Nie instaluj nieznanych program\u00f3w otrzymanych poczt\u0105 elektroniczn\u0105 lub pobranych z podejrzanych witryn www;<\/li>\n<li>Nigdy nie odpowiadaj na wiadomo\u015bci e-mailowe, kt\u00f3rych nadawcy prosz\u0105 Ci\u0119 o ujawnienie poufnych informacji;<\/li>\n<li>Nie zapisuj nigdzie poufnych danych, w tym hase\u0142 i login\u00f3w, szczeg\u00f3lnie w plikach na komputerze.<\/li>\n<\/ol>\n<p>Do korzystania ze strony internetowej aptdefend.com zalecana jest instalacja najnowszej wersji posiadanej przegl\u0105darki internetowej. Upewnij si\u0119, \u017ce w u\u017cywanej przez Ciebie przegl\u0105darce aktywna jest obs\u0142uga plik\u00f3w cookies, tak aby nie wyst\u0105pi\u0142y \u017cadne zak\u0142\u00f3cenia w korzystaniu ze strony.[\/vc_column_text][\/vc_column][\/vc_row]<\/p>\n","protected":false},"excerpt":{"rendered":"<p>[vc_row row_height_percent=&#8221;0&#8243; override_padding=&#8221;yes&#8221; h_padding=&#8221;2&#8243; top_padding=&#8221;5&#8243; bottom_padding=&#8221;5&#8243; overlay_alpha=&#8221;50&#8243; gutter_size=&#8221;3&#8243; column_width_percent=&#8221;100&#8243; shift_y=&#8221;0&#8243; z_index=&#8221;0&#8243;][vc_column column_width_use_pixel=&#8221;yes&#8221; gutter_size=&#8221;3&#8243; overlay_alpha=&#8221;50&#8243; shift_x=&#8221;0&#8243; shift_y=&#8221;0&#8243; shift_y_down=&#8221;0&#8243; z_index=&#8221;0&#8243; medium_width=&#8221;0&#8243; mobile_width=&#8221;0&#8243; [&hellip;]<\/p>\n","protected":false},"author":2,"featured_media":0,"parent":0,"menu_order":0,"comment_status":"closed","ping_status":"closed","template":"","meta":[],"_links":{"self":[{"href":"https:\/\/aptdefend.com\/pl\/wp-json\/wp\/v2\/pages\/651"}],"collection":[{"href":"https:\/\/aptdefend.com\/pl\/wp-json\/wp\/v2\/pages"}],"about":[{"href":"https:\/\/aptdefend.com\/pl\/wp-json\/wp\/v2\/types\/page"}],"author":[{"embeddable":true,"href":"https:\/\/aptdefend.com\/pl\/wp-json\/wp\/v2\/users\/2"}],"replies":[{"embeddable":true,"href":"https:\/\/aptdefend.com\/pl\/wp-json\/wp\/v2\/comments?post=651"}],"version-history":[{"count":1,"href":"https:\/\/aptdefend.com\/pl\/wp-json\/wp\/v2\/pages\/651\/revisions"}],"predecessor-version":[{"id":652,"href":"https:\/\/aptdefend.com\/pl\/wp-json\/wp\/v2\/pages\/651\/revisions\/652"}],"wp:attachment":[{"href":"https:\/\/aptdefend.com\/pl\/wp-json\/wp\/v2\/media?parent=651"}],"curies":[{"name":"wp","href":"https:\/\/api.w.org\/{rel}","templated":true}]}}